{"id":753,"date":"2024-11-05T10:45:50","date_gmt":"2024-11-05T09:45:50","guid":{"rendered":"https:\/\/www.clinicaesteticasaz.com\/cookies\/"},"modified":"2024-11-05T10:45:50","modified_gmt":"2024-11-05T09:45:50","slug":"cookies","status":"publish","type":"page","link":"https:\/\/www.clinicaesteticasaz.com\/en\/cookies\/","title":{"rendered":"Cookies"},"content":{"rendered":"<div class=\"fusion-fullwidth fullwidth-box fusion-builder-row-1 fusion-flex-container has-pattern-background has-mask-background nonhundred-percent-fullwidth non-hundred-percent-height-scrolling\" style=\"--awb-border-radius-top-left:0px;--awb-border-radius-top-right:0px;--awb-border-radius-bottom-right:0px;--awb-border-radius-bottom-left:0px;--awb-background-color:var(--awb-color2);--awb-flex-wrap:wrap;\" ><div class=\"fusion-builder-row fusion-row fusion-flex-align-items-flex-start fusion-flex-content-wrap\" style=\"max-width:1248px;margin-left: calc(-4% \/ 2 );margin-right: calc(-4% \/ 2 );\"><div class=\"fusion-layout-column fusion_builder_column fusion-builder-column-0 fusion_builder_column_1_1 1_1 fusion-flex-column\" style=\"--awb-bg-size:cover;--awb-width-large:100%;--awb-margin-top-large:0px;--awb-spacing-right-large:1.92%;--awb-margin-bottom-large:0px;--awb-spacing-left-large:1.92%;--awb-width-medium:100%;--awb-order-medium:0;--awb-spacing-right-medium:1.92%;--awb-spacing-left-medium:1.92%;--awb-width-small:100%;--awb-order-small:0;--awb-spacing-right-small:1.92%;--awb-spacing-left-small:1.92%;\"><div class=\"fusion-column-wrapper fusion-column-has-shadow fusion-flex-justify-content-flex-start fusion-content-layout-column\"><div class=\"fusion-text fusion-text-1\" style=\"--awb-text-color:var(--awb-color8);\"><div class=\"fusion-builder-row fusion-row fusion-flex-align-items-flex-start fusion-flex-content-wrap\">\n<div class=\"fusion-layout-column fusion_builder_column fusion-builder-column-6 fusion_builder_column_1_1 1_1 fusion-flex-column\" data-scroll-devices=\"small-visibility,medium-visibility,large-visibility\">\n<div class=\"fusion-column-wrapper fusion-column-has-shadow fusion-flex-justify-content-flex-start fusion-content-layout-block\">\n<div class=\"fusion-text fusion-text-1\">\n<p>Una Cookie es un fichero que se descarga en su ordenador al acceder a determinadas pa\u0301ginas web. Las cookies permiten a una pa\u0301gina web, entre otras cosas, almacenar y recuperar informacio\u0301n sobre los ha\u0301bitos de navegacio\u0301n de un usuario o de su equipo y, dependiendo de la informacio\u0301n que contenga y de la forma en que utilice su equipo, pueden utilizarse para reconocer al usuario.<br \/>Las cookies son esenciales para el funcionamiento de internet, aportando innumerables ventajas en la prestacio\u0301n de servicios interactivos, facilita\u0301ndole la navegacio\u0301n y usabilidad de nuestra web.<br \/>La informacio\u0301n que le proporcionamos a continuacio\u0301n, le ayudara\u0301 a comprender los diferentes tipos de cookies:<\/p>\n<p>TIPOS DE COOKIES<\/p>\n<p><strong>SEGU\u0301N LA ENTIDAD QUE LAS GESTIONE<\/strong><br \/><strong>Cookies propias:<\/strong><br \/>Son aquellas que se recaban por el propio editor para prestar el servicio solicitado por el usuario.<\/p>\n<p><strong>Cookies de tercero:<\/strong><br \/>Son aquellas que son recabadas y gestionadas por un tercero, estas no se pueden considerar propias.<\/p>\n<p><strong>SEGU\u0301N EL PLAZO DE TIEMPO QUE PERMANEZCAN ACTIVADAS<\/strong><\/p>\n<p><strong>Cookies de sesio\u0301n:<\/strong><br \/>Recaban datos mientras el usuario navega por la red con la finalidad de prestar el servicio solicitado.<br \/><strong>Cookies persistentes:<\/strong><br \/>Se almacenan en el terminal y la informacio\u0301n obtenida, sera\u0301 utilizada por el responsable de la cookie con la finalidad de prestar el servicio solicitado.<\/p>\n<p><strong>SEGU\u0301N SU FINALIDAD<\/strong><\/p>\n<p><strong>Cookies te\u0301cnicas:<\/strong><br \/>Son las necesarias para la correcta navegacio\u0301n por la web.<br \/><strong>Cookies de personalizacio\u0301n:<\/strong><br \/>Permiten al usuario las caracteri\u0301sticas (idioma) para la navegacio\u0301n por la website<br \/><strong>Cookies de ana\u0301lisis:<\/strong><br \/>Permiten al prestador el ana\u0301lisis vinculado a la navegacio\u0301n realizada por el usuario, con la finalidad de llevar un seguimiento de uso de la pa\u0301gina web, asi\u0301 como realizar estadi\u0301sticas de los contenidos ma\u0301s visitados, nu\u0301mero de visitantes, etc.<br \/><strong>Cookies publicitarias:<\/strong><br \/>Permiten al editor incluir en la web, espacios publicitarios, segu\u0301n el contenido de la propia web.<br \/><strong>Cookies de publicidad comportamental:<\/strong><br \/>Permiten al editor incluir en la pa\u0301gina web espacios publicitarios segu\u0301n la informacio\u0301n obtenida a trave\u0301s de los ha\u0301bitos de navegacio\u0301n del usuario.<\/p>\n<p>Segu\u0301n lo dispuesto en el arti\u0301culo 22.2 de la Ley 34\/2002, de 11 de julio, de Servicios de la Sociedad de la Informacio\u0301n y de Comercio Electro\u0301nico (LSSI-CE), <strong>Cl\u00ednica<\/strong> <strong>SAZ<\/strong> informa de las cookies utilizadas en nuestra website:<\/p>\n<p>Cookies propias y de terceros con finalidad de coolies T\u00e9cnicas, de Personalizaci\u00f3n, de An\u00e1lisis y Publicitarias<br \/>La aplicaci\u00f3n que utilizamos para obtener y analizar la informaci\u00f3n de la navegaci\u00f3n es: Google Analytics: Puede consultar su pol\u00edtica de cookies a trav\u00e9s de los siguientes enlace:<br \/>https:\/\/developers.google.com\/analytics\/devguides\/collection\/analyticsjs\/cookie-usage<br \/>https:\/\/support.google.com\/analytics\/answer\/6004245<\/p>\n<p>Asimismo, <strong>Cl\u00ednica<\/strong> <strong>SAZ<\/strong> informa al usuario de que tiene la posibilidad de configurar su navegador de modo que se le informe de la recepcio\u0301n de cookies, pudiendo, si asi\u0301 lo desea, impedir que sean instaladas en su disco duro.<br \/>A continuacio\u0301n le proporcionamos los enlaces de diversos navegadores, a trave\u0301s de los cuales podra\u0301 realizar dicha configuracio\u0301n:<br \/>Firefox desde aqui\u0301:<a href=\"http:\/\/support.mozilla.org\/es\/kb\/habilitar-y-deshabilitar-cookies-que-los-sitios-we\">\u00a0http:\/\/support.mozilla.org\/es\/kb\/habilitar-y-deshabilitar-cookies-que-los-sitios-we<\/a><br \/>Chrome desde aqui\u0301:\u00a0<a href=\"http:\/\/support.google.com\/chrome\/bin\/answer.py?hl=es&amp;answer=95647\">http:\/\/support.google.com\/chrome\/bin\/answer.py?hl=es&amp;answer=95647<\/a><br \/>Explorer desde aqui\u0301:\u00a0<a href=\"http:\/\/windows.microsoft.com\/es-es\/internet-explorer\/delete-manage-cookies#ie=ie-10\">http:\/\/windows.microsoft.com\/es-es\/internet-explorer\/delete-manage-cookies#ie=ie-10<\/a><br \/>Safari desde aqui\u0301:\u00a0<a href=\"http:\/\/support.apple.com\/kb\/ph5042\">http:\/\/support.apple.com\/kb\/ph5042<\/a><br \/>Opera desde aqui\u0301:\u00a0<a href=\"http:\/\/help.opera.com\/Windows\/11.50\/es-ES\/cookies.html\">http:\/\/help.opera.com\/Windows\/11.50\/es-ES\/cookies.html<\/a><\/p>\n<\/div>\n<\/div>\n<\/div>\n<\/div>\n<\/div><\/div><\/div><\/div><\/div>\n","protected":false},"excerpt":{"rendered":"","protected":false},"author":1,"featured_media":0,"parent":0,"menu_order":0,"comment_status":"closed","ping_status":"closed","template":"100-width.php","meta":{"footnotes":""},"class_list":["post-753","page","type-page","status-publish","hentry"],"yoast_head":"<!-- This site is optimized with the Yoast SEO plugin v27.2 - https:\/\/yoast.com\/product\/yoast-seo-wordpress\/ -->\n<title>Cookies - Cl\u00ednica Est\u00e9tica SAZ<\/title>\n<meta name=\"robots\" content=\"index, follow, max-snippet:-1, max-image-preview:large, max-video-preview:-1\" \/>\n<link rel=\"canonical\" href=\"https:\/\/www.clinicaesteticasaz.com\/en\/cookies\/\" \/>\n<meta property=\"og:locale\" content=\"en_US\" \/>\n<meta property=\"og:type\" content=\"article\" \/>\n<meta property=\"og:title\" content=\"Cookies - Cl\u00ednica Est\u00e9tica SAZ\" \/>\n<meta property=\"og:url\" content=\"https:\/\/www.clinicaesteticasaz.com\/en\/cookies\/\" \/>\n<meta property=\"og:site_name\" content=\"Cl\u00ednica Est\u00e9tica SAZ\" \/>\n<meta property=\"article:publisher\" content=\"https:\/\/www.facebook.com\/profile.php?id=61565866011671&amp;mibextid=LQQJ4d&amp;rdid=paYEQgbVIrQ5WDwu&amp;share_url=httpswww.facebook.comshare19aWLv6eCDmibextidLQQJ4d#\" \/>\n<meta name=\"twitter:card\" content=\"summary_large_image\" \/>\n<meta name=\"twitter:label1\" content=\"Est. reading time\" \/>\n\t<meta name=\"twitter:data1\" content=\"8 minutes\" \/>\n<script type=\"application\/ld+json\" class=\"yoast-schema-graph\">{\"@context\":\"https:\/\/schema.org\",\"@graph\":[{\"@type\":\"WebPage\",\"@id\":\"https:\/\/www.clinicaesteticasaz.com\/en\/cookies\/\",\"url\":\"https:\/\/www.clinicaesteticasaz.com\/en\/cookies\/\",\"name\":\"Cookies - Cl\u00ednica Est\u00e9tica SAZ\",\"isPartOf\":{\"@id\":\"https:\/\/www.clinicaesteticasaz.com\/#website\"},\"datePublished\":\"2024-11-05T09:45:50+00:00\",\"breadcrumb\":{\"@id\":\"https:\/\/www.clinicaesteticasaz.com\/en\/cookies\/#breadcrumb\"},\"inLanguage\":\"en-US\",\"potentialAction\":[{\"@type\":\"ReadAction\",\"target\":[\"https:\/\/www.clinicaesteticasaz.com\/en\/cookies\/\"]}]},{\"@type\":\"BreadcrumbList\",\"@id\":\"https:\/\/www.clinicaesteticasaz.com\/en\/cookies\/#breadcrumb\",\"itemListElement\":[{\"@type\":\"ListItem\",\"position\":1,\"name\":\"Portada\",\"item\":\"https:\/\/www.clinicaesteticasaz.com\/en\/\"},{\"@type\":\"ListItem\",\"position\":2,\"name\":\"Cookies\"}]},{\"@type\":\"WebSite\",\"@id\":\"https:\/\/www.clinicaesteticasaz.com\/#website\",\"url\":\"https:\/\/www.clinicaesteticasaz.com\/\",\"name\":\"Cl\u00ednica Est\u00e9tica SAZ\",\"description\":\"Tratamientos de belleza en Mallorca\",\"publisher\":{\"@id\":\"https:\/\/www.clinicaesteticasaz.com\/#organization\"},\"potentialAction\":[{\"@type\":\"SearchAction\",\"target\":{\"@type\":\"EntryPoint\",\"urlTemplate\":\"https:\/\/www.clinicaesteticasaz.com\/?s={search_term_string}\"},\"query-input\":{\"@type\":\"PropertyValueSpecification\",\"valueRequired\":true,\"valueName\":\"search_term_string\"}}],\"inLanguage\":\"en-US\"},{\"@type\":\"Organization\",\"@id\":\"https:\/\/www.clinicaesteticasaz.com\/#organization\",\"name\":\"Cl\u00ednica Est\u00e9tica SAZ\",\"url\":\"https:\/\/www.clinicaesteticasaz.com\/\",\"logo\":{\"@type\":\"ImageObject\",\"inLanguage\":\"en-US\",\"@id\":\"https:\/\/www.clinicaesteticasaz.com\/#\/schema\/logo\/image\/\",\"url\":\"https:\/\/www.clinicaesteticasaz.com\/wp-content\/uploads\/2024\/10\/logo-saz.svg\",\"contentUrl\":\"https:\/\/www.clinicaesteticasaz.com\/wp-content\/uploads\/2024\/10\/logo-saz.svg\",\"width\":163,\"height\":70,\"caption\":\"Cl\u00ednica Est\u00e9tica SAZ\"},\"image\":{\"@id\":\"https:\/\/www.clinicaesteticasaz.com\/#\/schema\/logo\/image\/\"},\"sameAs\":[\"https:\/\/www.facebook.com\/profile.php?id=61565866011671&mibextid=LQQJ4d&rdid=paYEQgbVIrQ5WDwu&share_url=httpswww.facebook.comshare19aWLv6eCDmibextidLQQJ4d#\",\"https:\/\/www.instagram.com\/clinica_estetica_saz\/?igsh=c24yNzNwbHJzOGw2\"]}]}<\/script>\n<!-- \/ Yoast SEO plugin. -->","yoast_head_json":{"title":"Cookies - Cl\u00ednica Est\u00e9tica SAZ","robots":{"index":"index","follow":"follow","max-snippet":"max-snippet:-1","max-image-preview":"max-image-preview:large","max-video-preview":"max-video-preview:-1"},"canonical":"https:\/\/www.clinicaesteticasaz.com\/en\/cookies\/","og_locale":"en_US","og_type":"article","og_title":"Cookies - Cl\u00ednica Est\u00e9tica SAZ","og_url":"https:\/\/www.clinicaesteticasaz.com\/en\/cookies\/","og_site_name":"Cl\u00ednica Est\u00e9tica SAZ","article_publisher":"https:\/\/www.facebook.com\/profile.php?id=61565866011671&mibextid=LQQJ4d&rdid=paYEQgbVIrQ5WDwu&share_url=httpswww.facebook.comshare19aWLv6eCDmibextidLQQJ4d#","twitter_card":"summary_large_image","twitter_misc":{"Est. reading time":"8 minutes"},"schema":{"@context":"https:\/\/schema.org","@graph":[{"@type":"WebPage","@id":"https:\/\/www.clinicaesteticasaz.com\/en\/cookies\/","url":"https:\/\/www.clinicaesteticasaz.com\/en\/cookies\/","name":"Cookies - Cl\u00ednica Est\u00e9tica SAZ","isPartOf":{"@id":"https:\/\/www.clinicaesteticasaz.com\/#website"},"datePublished":"2024-11-05T09:45:50+00:00","breadcrumb":{"@id":"https:\/\/www.clinicaesteticasaz.com\/en\/cookies\/#breadcrumb"},"inLanguage":"en-US","potentialAction":[{"@type":"ReadAction","target":["https:\/\/www.clinicaesteticasaz.com\/en\/cookies\/"]}]},{"@type":"BreadcrumbList","@id":"https:\/\/www.clinicaesteticasaz.com\/en\/cookies\/#breadcrumb","itemListElement":[{"@type":"ListItem","position":1,"name":"Portada","item":"https:\/\/www.clinicaesteticasaz.com\/en\/"},{"@type":"ListItem","position":2,"name":"Cookies"}]},{"@type":"WebSite","@id":"https:\/\/www.clinicaesteticasaz.com\/#website","url":"https:\/\/www.clinicaesteticasaz.com\/","name":"Cl\u00ednica Est\u00e9tica SAZ","description":"Tratamientos de belleza en Mallorca","publisher":{"@id":"https:\/\/www.clinicaesteticasaz.com\/#organization"},"potentialAction":[{"@type":"SearchAction","target":{"@type":"EntryPoint","urlTemplate":"https:\/\/www.clinicaesteticasaz.com\/?s={search_term_string}"},"query-input":{"@type":"PropertyValueSpecification","valueRequired":true,"valueName":"search_term_string"}}],"inLanguage":"en-US"},{"@type":"Organization","@id":"https:\/\/www.clinicaesteticasaz.com\/#organization","name":"Cl\u00ednica Est\u00e9tica SAZ","url":"https:\/\/www.clinicaesteticasaz.com\/","logo":{"@type":"ImageObject","inLanguage":"en-US","@id":"https:\/\/www.clinicaesteticasaz.com\/#\/schema\/logo\/image\/","url":"https:\/\/www.clinicaesteticasaz.com\/wp-content\/uploads\/2024\/10\/logo-saz.svg","contentUrl":"https:\/\/www.clinicaesteticasaz.com\/wp-content\/uploads\/2024\/10\/logo-saz.svg","width":163,"height":70,"caption":"Cl\u00ednica Est\u00e9tica SAZ"},"image":{"@id":"https:\/\/www.clinicaesteticasaz.com\/#\/schema\/logo\/image\/"},"sameAs":["https:\/\/www.facebook.com\/profile.php?id=61565866011671&mibextid=LQQJ4d&rdid=paYEQgbVIrQ5WDwu&share_url=httpswww.facebook.comshare19aWLv6eCDmibextidLQQJ4d#","https:\/\/www.instagram.com\/clinica_estetica_saz\/?igsh=c24yNzNwbHJzOGw2"]}]}},"_links":{"self":[{"href":"https:\/\/www.clinicaesteticasaz.com\/en\/wp-json\/wp\/v2\/pages\/753","targetHints":{"allow":["GET"]}}],"collection":[{"href":"https:\/\/www.clinicaesteticasaz.com\/en\/wp-json\/wp\/v2\/pages"}],"about":[{"href":"https:\/\/www.clinicaesteticasaz.com\/en\/wp-json\/wp\/v2\/types\/page"}],"author":[{"embeddable":true,"href":"https:\/\/www.clinicaesteticasaz.com\/en\/wp-json\/wp\/v2\/users\/1"}],"replies":[{"embeddable":true,"href":"https:\/\/www.clinicaesteticasaz.com\/en\/wp-json\/wp\/v2\/comments?post=753"}],"version-history":[{"count":0,"href":"https:\/\/www.clinicaesteticasaz.com\/en\/wp-json\/wp\/v2\/pages\/753\/revisions"}],"wp:attachment":[{"href":"https:\/\/www.clinicaesteticasaz.com\/en\/wp-json\/wp\/v2\/media?parent=753"}],"curies":[{"name":"wp","href":"https:\/\/api.w.org\/{rel}","templated":true}]}}